

{"id":624,"date":"2022-10-26T09:32:17","date_gmt":"2022-10-26T06:32:17","guid":{"rendered":"http:\/\/www.cce.ci.tuiasi.ro\/?page_id=624"},"modified":"2025-06-24T08:05:07","modified_gmt":"2025-06-24T05:05:07","slug":"comitees","status":"publish","type":"page","link":"https:\/\/www.cce.ci.tuiasi.ro\/index.php\/comitees\/","title":{"rendered":"Committees"},"content":{"rendered":"\n<p>&#8230;.. continuously updated<\/p>\n\n\n\n<p>Conference President: Prof. Irina LUNGU, PhD, International Affairs Prorector for TUIASI<br>Chairperson:&nbsp; Prof. Konstantinos Daniel TSAVDARIDIS, PhD, City University of London<\/p>\n\n\n\n<p><\/p>\n\n\n\n<p><strong><em>Scientific Committee<\/em><\/strong><\/p>\n\n\n\n<ul class=\"wp-block-list\">\n<li>Prof. Andrei Burlacu \u2013 &#8220;Gheorghe Asachi&#8221; Technical University of Iasi<\/li>\n\n\n\n<li>Prof. Engin Gedik &#8211; Karab\u00fck \u00dcniversitesi  <\/li>\n\n\n\n<li>Prof. Tiberiu C\u0103t\u0103lina &#8211; Technical University of Civil Engineering of Bucharest<\/li>\n\n\n\n<li>Prof. Dimka Vasileva &#8211; Technical University of Varna <\/li>\n\n\n\n<li>Prof. Ion Rusu &#8211; Technical University of Moldova<\/li>\n\n\n\n<li>Prof. Constantin Florescu &#8211; Politehnica University Timisoara<\/li>\n\n\n\n<li>Prof. Andrei Georgescu &#8211; Technical University of Civil Engineering of Bucharest<\/li>\n\n\n\n<li>Prof. Sorin Nistor &#8211; Technical University of Civil Engineering of Bucharest<\/li>\n\n\n\n<li>Prof. Hora\u021biu Popa &#8211; Technical University of Cluj Napoca<\/li>\n\n\n\n<li>Prof. Ecaterina Matei &#8211; POLITEHNICA University of Bucharest<\/li>\n\n\n\n<li>Prof. Maria Isabel Ordonez &#8211; ELISAVA, School of Design and Engineering of Barcelona<\/li>\n\n\n\n<li>Assoc. Prof. Tatiana Olinic &#8211; University of Agronomic Sciences and Veterinary Medicine of Bucharest<\/li>\n\n\n\n<li>Assoc.Prof. Florin Susac &#8211; \u201eDun\u0103rea de Jos\u201d University from Gala\u021bi<\/li>\n\n\n\n<li>Assoc.Prof. Abd\u00fclkadir G\u00fcle\u00e7 &#8211; Kahramanmara\u015f S\u00fct\u00e7\u00fc Imam University <\/li>\n\n\n\n<li>Assoc. Prof. Anca Vitcu &#8211; Alexandru Ioan Cuza University of Iasi<\/li>\n\n\n\n<li>Assoc. Prof. Vasile Farca\u0219 &#8211; Technical University of Cluj Napoca<\/li>\n\n\n\n<li>Assoc. Prof. Gabriel Opri\u0219an &#8211; &#8220;Gheorghe Asachi&#8221; Technical University of Iasi<\/li>\n\n\n\n<li>Assoc. Prof. Teofil G\u0103l\u0103\u021banu &#8211; Transilvania University of Bra\u0219ov<\/li>\n\n\n\n<li>Assoc. Prof. Petru Mihai \u2013 &#8220;Gheorghe Asachi&#8221; Technical University of Iasi<\/li>\n\n\n\n<li>Assoc. Prof. Ernest Olinic &#8211; Technical University of Civil Engineering of Bucharest<\/li>\n\n\n\n<li>Assoc. Prof. Ionu\u021b-Ovidiu Toma \u2013 \u201cGheorghe Asachi\u201d Technical University of Iasi<\/li>\n\n\n\n<li>Assoc. Prof. Anatolie Taranenco &#8211; Technical University of Moldova<\/li>\n\n\n\n<li>Assoc. Prof. Michael Krajcik &#8211; Slovak University of Technology<\/li>\n\n\n\n<li>Sen.Lect. Cristina Iacob &#8211; Technical University of Cluj Napoca<\/li>\n\n\n\n<li>Sen.Lect. Teodor Valeriu Chira &#8211; Technical University of Cluj Napoca<\/li>\n\n\n\n<li>Sen.Lect. Aliz \u00c9va M\u00e1th\u00e9 &#8211; Technical University of Cluj Napoca<\/li>\n\n\n\n<li>Sen.Lect. AnaGabriela Deac- Technical University of Cluj Napoca<\/li>\n\n\n\n<li>Sen.Lect. Christiana Emilia Cazacu &#8211; Transilvania University of Bra\u0219ov<\/li>\n\n\n\n<li>Sen.Lect. Dan Mure\u0219an &#8211; Technical University of Cluj Napoca<\/li>\n\n\n\n<li>Sen.Lect. Ruud Koopman &#8211; Saxion University of Applied Sciences<\/li>\n\n\n\n<li>Sen.Lect. Gabriel Barbat &#8211; CIMNE, Polytechnical University of Catalunya, Barcelona<\/li>\n\n\n\n<li>Sen.Lect. Mircea-Vasile Venghiac &#8211; &#8220;Gheorghe Asachi&#8221; Technical University of Iasi<\/li>\n\n\n\n<li>Sen.Lect. Lucian-Constantin Ungureanu &#8211; &#8220;Gheorghe Asachi&#8221; Technical University of Iasi<\/li>\n\n\n\n<li>Sen.Lect. Paul Sestras &#8211; Technical University of Cluj Napoca<\/li>\n\n\n\n<li>Dr. Marius-Andrei Boca &#8211; Technische Hochschule Deggendorf<\/li>\n\n\n\n<li>Dr. Roland Mihai \u0218enil\u0103 &#8211; Technical University of Cluj Napoca<\/li>\n\n\n\n<li>Dr. Ofelia Corbu &#8211; Technical University of Cluj Napoca<\/li>\n\n\n\n<li>Dr. Valentina Vendittoli &#8211; Max Planck Institute of Colloids and Interfaces Potsdam<\/li>\n\n\n\n<li>Dr. Aurelia Bradu &#8211; Institute for Research in Construction and Construction Economics, INCERC<\/li>\n<\/ul>\n\n\n\n<p><strong><em>Steering Committee<\/em><\/strong><\/p>\n\n\n\n<ul class=\"wp-block-list\">\n<li>Sen.Lect. Ioana Olteanu \u2013 \u201cGheorghe Asachi\u201d Technical University of Iasi<\/li>\n\n\n\n<li>Sen.Lect. Vasile-Mircea Venghiac \u2013 \u201cGheorghe Asachi\u201d Technical University of Iasi<\/li>\n\n\n\n<li>Sen.Lect. Ioana-Sorina En\u021buc \u2013 \u201cGheorghe Asachi\u201d Technical University of Iasi<\/li>\n\n\n\n<li>Sen.Lect. Daniel Covatariu \u2013 \u201cGheorghe Asachi\u201d Technical University of Iasi<\/li>\n\n\n\n<li>Sen.Lect. Sebastian Hudi\u0219teanu \u2013 \u201cGheorghe Asachi\u201d Technical University of Iasi<\/li>\n\n\n\n<li>Sen.lect. Lucian-Constantin Ungureanu \u2013 \u201cGheorghe Asachi\u201d Technical University of Iasi<\/li>\n\n\n\n<li>Sen.Lect. Gabriela Covatariu \u2013 \u201cGheorghe Asachi\u201d Technical University of Iasi<\/li>\n\n\n\n<li>Asist.Prof. Ramona Costea \u2013 \u201cGheorghe Asachi\u201d Technical University of Iasi<\/li>\n\n\n\n<li>Asist.Prof. Tiberiu Teodor-Stanciu \u2013 \u201cGheorghe Asachi\u201d Technical University of Iasi<\/li>\n<\/ul>\n","protected":false},"excerpt":{"rendered":"<p>&#8230;.. continuously updated Conference President: Prof. Irina LUNGU, PhD, International Affairs Prorector for TUIASIChairperson:&nbsp; Prof. Konstantinos Daniel TSAVDARIDIS, PhD, City&hellip; <\/p>\n","protected":false},"author":5,"featured_media":0,"parent":0,"menu_order":0,"comment_status":"closed","ping_status":"closed","template":"","meta":{"footnotes":""},"class_list":["post-624","page","type-page","status-publish","hentry"],"_links":{"self":[{"href":"https:\/\/www.cce.ci.tuiasi.ro\/index.php\/wp-json\/wp\/v2\/pages\/624"}],"collection":[{"href":"https:\/\/www.cce.ci.tuiasi.ro\/index.php\/wp-json\/wp\/v2\/pages"}],"about":[{"href":"https:\/\/www.cce.ci.tuiasi.ro\/index.php\/wp-json\/wp\/v2\/types\/page"}],"author":[{"embeddable":true,"href":"https:\/\/www.cce.ci.tuiasi.ro\/index.php\/wp-json\/wp\/v2\/users\/5"}],"replies":[{"embeddable":true,"href":"https:\/\/www.cce.ci.tuiasi.ro\/index.php\/wp-json\/wp\/v2\/comments?post=624"}],"version-history":[{"count":43,"href":"https:\/\/www.cce.ci.tuiasi.ro\/index.php\/wp-json\/wp\/v2\/pages\/624\/revisions"}],"predecessor-version":[{"id":3107,"href":"https:\/\/www.cce.ci.tuiasi.ro\/index.php\/wp-json\/wp\/v2\/pages\/624\/revisions\/3107"}],"wp:attachment":[{"href":"https:\/\/www.cce.ci.tuiasi.ro\/index.php\/wp-json\/wp\/v2\/media?parent=624"}],"curies":[{"name":"wp","href":"https:\/\/api.w.org\/{rel}","templated":true}]}}