

{"id":354,"date":"2022-10-24T08:41:02","date_gmt":"2022-10-24T05:41:02","guid":{"rendered":"http:\/\/www.cce.ci.tuiasi.ro\/?page_id=354"},"modified":"2025-05-08T17:46:58","modified_gmt":"2025-05-08T14:46:58","slug":"program","status":"publish","type":"page","link":"https:\/\/www.cce.ci.tuiasi.ro\/index.php\/program\/","title":{"rendered":"Program"},"content":{"rendered":"\n<p>The International Conference on Computational Civil Engineering 2025 Program spanning over 3 days offers an in-person, open Round table event under the theme <strong><em>Building Bridges for Sustainable International Collaboration<\/em><\/strong>, engaging sessions with international keynote speakers and two online paper presentation sessions.<\/p>\n\n\n\n<p>&nbsp;<\/p>\n\n\n\n<h2 class=\"wp-block-heading has-text-align-center\">May 7<sup>th<\/sup> 2025<\/h2>\n\n\n\n<p class=\"has-text-align-center\">TUIASI Faculty of Civil and Building Services, Building R &#8211; Room 0.1<br><strong>Building Bridges for Sustainable International Collaboration<\/strong><br><em>Round table event<\/em><\/p>\n\n\n\n<p><\/p>\n\n\n\n<p>The International Conference on Computational Civil Engineering 2025 Program is enriched by a Round Table&nbsp; event on May 7<sup>th<\/sup>, open to in-person participation at the Faculty of Civil Engineering and Building Services in TUIASI, to foster international collaboration between universities\u2019 representatives actively engaged in the following days of the Conference.<\/p>\n\n\n\n<figure class=\"wp-block-table aligncenter is-style-stripes\"><table class=\"has-fixed-layout\"><tbody><tr><td class=\"has-text-align-left\" data-align=\"left\">9:00<\/td><td>Irina Lungu<\/td><td class=\"has-text-align-center\" data-align=\"center\"><em>Introduction of the participants<\/em> <em>Welcoming address and brief introduction of the agenda<\/em><\/td><\/tr><tr><td class=\"has-text-align-left\" data-align=\"left\">9:20<\/td><td>Irina Lungu<\/td><td class=\"has-text-align-center\" data-align=\"center\"><em>Widening in EuUnivAlliances: Intersectionality 4 Opportunities<\/em> <em>INGENIUM &amp; BI4E projects<\/em><\/td><\/tr><tr><td class=\"has-text-align-left\" data-align=\"left\">9:40<\/td><td>Ioana Olteanu<\/td><td class=\"has-text-align-center\" data-align=\"center\"><em>TEACH4SD &#8211; Transforming Education Area and Competency Hub for Sustainable Development &#8211; ERASMUS-EDU-2022-PEX-COVE<\/em><\/td><\/tr><tr><td class=\"has-text-align-left\" data-align=\"left\">10:00<\/td><td>Claudiu Romila<\/td><td class=\"has-text-align-center\" data-align=\"center\"><em>DIG-2-INC &#8211; Inclusive Digital Learning, 2022-1-FI01-KA220-HED-000090147<\/em><\/td><\/tr><tr><td class=\"has-text-align-left\" data-align=\"left\">10:15<\/td><td>Gabriela Covatariu<\/td><td class=\"has-text-align-center\" data-align=\"center\"><em>EDIH. Digitization at MNRL &#8211; Museum \u201cSt. Hierarch Dosoftei &#8211; Metropolitan\u201d Iasi<\/em><\/td><\/tr><tr><td class=\"has-text-align-left\" data-align=\"left\">10:30<\/td><td>Ionu\u021b Ovidiu Toma<\/td><td class=\"has-text-align-center\" data-align=\"center\"><em>New developments of construction materials to increase structural resilience<\/em><\/td><\/tr><tr><td class=\"has-text-align-left\" data-align=\"left\">10:45<\/td><td>Timo Hartmann<\/td><td class=\"has-text-align-center\" data-align=\"center\"><em>Building Bridges for Sustainable International Collaboration with TU Berlin<\/em><\/td><\/tr><tr><td class=\"has-text-align-left\" data-align=\"left\">11:00<\/td><td>Rizal Sebastian<\/td><td class=\"has-text-align-center\" data-align=\"center\"><em>Building Bridges for Sustainable International Collaboration with The Hague University of Applied Sciences&nbsp;<\/em><\/td><\/tr><tr><td class=\"has-text-align-left\" data-align=\"left\">11:30<\/td><td>Gabriel Sas<\/td><td class=\"has-text-align-center\" data-align=\"center\"><em>Building Bridges for Sustainable International Collaboration with Lule\u00e5 University of Technology<\/em><\/td><\/tr><tr><td class=\"has-text-align-left\" data-align=\"left\">11:45<\/td><td>Andreea Robu-Movil\u0103<\/td><td class=\"has-text-align-center\" data-align=\"center\"><em>Building Bridges for Sustainable International Collaboration with \u201cIon Mincu\u201d University of Architecture and Urban Planning<\/em><\/td><\/tr><tr><td class=\"has-text-align-left\" data-align=\"left\">12:00<\/td><td>Michele Chiumenti<\/td><td class=\"has-text-align-center\" data-align=\"center\"><em>Building Bridges for Sustainable International Collaboration with Polytechnic University of Catalonia<\/em><\/td><\/tr><tr><td class=\"has-text-align-left\" data-align=\"left\">12:15<\/td><td>Gabriel B\u0103rbat<\/td><td class=\"has-text-align-center\" data-align=\"center\"><em>Building Bridges for Sustainable International Collaboration with CIMNE<\/em><\/td><\/tr><tr><td class=\"has-text-align-left\" data-align=\"left\">12:30<\/td><td>Christopher Patrick Roth<\/td><td class=\"has-text-align-center\" data-align=\"center\"><em>Building Bridges for Sustainable International Collaboration with University&nbsp;of&nbsp;Pretoria<\/em><\/td><\/tr><tr><td class=\"has-text-align-left\" data-align=\"left\">12:45<\/td><td>&nbsp;<\/td><td class=\"has-text-align-center\" data-align=\"center\">Lunch break<\/td><\/tr><tr><td class=\"has-text-align-left\" data-align=\"left\">15:00 &#8211; 18:30<\/td><td>&nbsp;<\/td><td class=\"has-text-align-center\" data-align=\"center\">City tour&nbsp;<\/td><\/tr><\/tbody><\/table><\/figure>\n\n\n\n<p>&nbsp;<\/p>\n\n\n\n<h2 class=\"wp-block-heading has-text-align-center\">May 8<sup>th<\/sup> 2025<\/h2>\n\n\n\n<p class=\"has-text-align-center\"><em>TUIASI SMARTER Conference Room<\/em><br><em>Chair prof.<\/em><strong><em> Irina Lungu<\/em><\/strong><br><em>Co-Chair prof.<\/em><strong><em> Konstantinos Daniel Tsavdaridis<\/em><\/strong><\/p>\n\n\n\n<p>The Conference Opening Ceremony is hosted on May 8<sup>th<\/sup> at the TUIASI SMARTER Conference Room, TEX1 Building and it is followed by the Keynote Lectures open to all the participants that plan to attend the conference in-person.&nbsp;<\/p>\n\n\n\n<iframe src=\"https:\/\/www.google.com\/maps\/embed?pb=!1m18!1m12!1m3!1d1009.3173397973871!2d27.595764497482126!3d47.153303448931915!2m3!1f0!2f0!3f0!3m2!1i1024!2i768!4f13.1!3m3!1m2!1s0x40cafb99dd403019%3A0xde39698e7bb5f5aa!2sBulevardul%20Profesor%20Dimitrie%20Mangeron%2C%20Ia%C8%99i!5e1!3m2!1sro!2sro!4v1745935186921!5m2!1sro!2sro\" width=\"800\" height=\"450\" style=\"border:0;\" allowfullscreen=\"\" loading=\"lazy\" referrerpolicy=\"no-referrer-when-downgrade\"><\/iframe>\n\n\n\n<p>This year&#8217;s six in person plenary sessions are held on the second day and will delve into transformative themes such as cutting-edge computational methods, advancements in artificial intelligence, sustainable practices, and the integration of digital technologies in civil engineering. The keynote speakers of this year\u2019s edition come from an international roster of diverse fields and extended expertise, from countries like UK, Germany, Romania, Netherlands, Spain and Sweden.<\/p>\n\n\n\n<figure class=\"wp-block-table is-style-stripes\"><table class=\"has-fixed-layout\"><tbody><tr><td>8:30 \u2013 9:00<\/td><td>Participants\u2019 registration<\/td><\/tr><tr><td>9:00 \u2013 9:15<\/td><td>Conference opening<\/td><\/tr><tr><td>9.15 \u2013 10.00<\/td><td>Rethinking Design of Steel Structures with AI <strong>Konstantinos Daniel Tsavdaridis<\/strong>, Professor \u2013 City University of London (UK) &#8211; <a href=\"https:\/\/teams.microsoft.com\/l\/meetup-join\/19%3ameeting_YTM0MjI4OGMtOGUxYS00NTcyLTkxZTMtNDAyODAwODU5Nzdl%40thread.v2\/0?context=%7b%22Tid%22%3a%22607d63ca-9f36-4ad8-9f71-8b3efc392eb1%22%2c%22Oid%22%3a%22bb28365b-7a4f-4b53-8b19-d9f5a079a894%22%7d\" data-type=\"link\" data-id=\"https:\/\/teams.microsoft.com\/l\/meetup-join\/19%3ameeting_YTM0MjI4OGMtOGUxYS00NTcyLTkxZTMtNDAyODAwODU5Nzdl%40thread.v2\/0?context=%7b%22Tid%22%3a%22607d63ca-9f36-4ad8-9f71-8b3efc392eb1%22%2c%22Oid%22%3a%22bb28365b-7a4f-4b53-8b19-d9f5a079a894%22%7d\">online<\/a><\/td><\/tr><tr><td>10:00 \u2013 10:45<\/td><td>Complex Building Simulation Modelling to improve the resilience of the built environment for climate adaptation <strong>Timo Hartmann<\/strong>, Professor \u2013 TU Berlin (Germany)<\/td><\/tr><tr><td>10:45 \u2013 11:30<\/td><td><em>From Artificial Intelligence to Symbiotic Intelligence<\/em> <br><strong>Andreea Robu-Movil\u0103 \u2013 <\/strong>\u201cIon Mincu\u201d University of Architecture and Urban Planning Bucharest (Romania)<\/td><\/tr><tr><td>11:30 \u2013 12:00<\/td><td>Coffee break<\/td><\/tr><tr><td>12:00 \u2013 12:45<\/td><td><em>Applying digitalisation for smart, sustainable and inclusive cities <\/em>&nbsp; <br><strong>Rizal Sebastian, Professor<\/strong> &#8211; The Hague University of Applied Sciences&nbsp; (The Netherlands)<\/td><\/tr><tr><td>12:45 \u2013 13:30<\/td><td><em>Machine Learning for the Qualification of Additive Manufacturing Processes<\/em> <br><strong>Michele Chiumenti<\/strong>, <strong>Professor<\/strong> \u2013 Polytechnic University of Catalonia (Spain)<\/td><\/tr><tr><td>13:30 \u2013 14:15<\/td><td><em>Re-Engineering the Future Through Sustainable Structural Engineering<\/em> <br><strong>Gabriel Sas, Professor <\/strong>Lule\u00e5 University of Technology, Sweden<\/td><\/tr><tr><td>14:15 \u2013 14:35<\/td><td><em>CCE &#8211; Creativity completes engineering<\/em> <br><strong>Tiberiu Teodor-Stanciu, Ramona Costea<\/strong>, \u201cGheorghe Asachi\u201d Technical University of Iasi<\/td><\/tr><tr><td>14:35 \u2013 15:50<\/td><td>Lunch break<\/td><\/tr><tr><td>18:00<\/td><td>Conference Dinner<\/td><\/tr><\/tbody><\/table><\/figure>\n\n\n\n<p>  &nbsp;<\/p>\n\n\n\n<h2 class=\"wp-block-heading has-text-align-center\">May 9<sup>th<\/sup> 2025<\/h2>\n\n\n\n<p class=\"has-text-align-center\"><em>Online format<\/em><\/p>\n\n\n\n<p>All Paper Presentations during the Conference are scheduled on May 9<sup>th<\/sup>, favouring a sustainable and widening remote participation opportunity to national and international researchers. The presentations are&nbsp;scheduled conveniently for various time zones, in two parallel sessions; you are invited to join them using the details provided in the next section.<\/p>\n\n\n\n<p class=\"has-text-align-center\"><strong>Online session 1<\/strong><br>Session chair: <strong>Petru Mihai<\/strong><br><a href=\"https:\/\/teams.microsoft.com\/l\/meetup-join\/19%3ameeting_OWEwYjViNmUtOGQwMS00MGEwLTk4YzEtMTE2ZTMyYzdmYjcw%40thread.v2\/0?context=%7b%22Tid%22%3a%22607d63ca-9f36-4ad8-9f71-8b3efc392eb1%22%2c%22Oid%22%3a%22bb28365b-7a4f-4b53-8b19-d9f5a079a894%22%7d\"><strong>Online Meeting Link<\/strong><\/a><\/p>\n\n\n\n<figure class=\"wp-block-table is-style-stripes\"><table class=\"has-fixed-layout\"><tbody><tr><td>08:50 &#8211; 09:00<\/td><td>Conference opening\/ Conference papers\u2019 presentation<\/td><\/tr><tr><td>09:00 \u2013 09:15<\/td><td><em>FEM-based study of temperature-induced changes in a<\/em> <em>railway bridge in cold regions &#8211; <\/em>Youlong Wang, Chao Wang, Yongming Tu, Jaime Gonzalez-Libreros, Gabriel Sas<\/td><\/tr><tr><td>09:15 \u201309:30<\/td><td><em>Artificial intelligence in structural crack detection using image processing techniques \u2013 <\/em>N. R. Mititelu, M. I. Ripanu, V. Ermolai<\/td><\/tr><tr><td>09:30 \u2013 09:45<\/td><td><em>Numerical analysis for slopes stability evaluation. Comparative study \u2013 <\/em>R. M. Chiril\u0103, O. E. Col\u0163,, V. Mu\u015fat<\/td><\/tr><tr><td>09:45 \u2013 10:00<\/td><td><em>State parameter correlation for the mass-transfer analysis of water vapor in heated concrete elements \u2013 <\/em>L. Imre, C.G. Chiorean<\/td><\/tr><tr><td>10:00 \u2013 10:15<\/td><td><em>Assessing the thermal performance of hempcrete: a case study using infrared thermography <\/em>\u2013 L. Dumitrescu, T. Gavril, I. Baran, R. A. Pescaru, I.S. En\u0163uc, C. Avram<\/td><\/tr><tr><td>10:15 \u2013 10:30<\/td><td><em>Experimental and Numerical Analysis of Axial Compression Behavior in Short Base Upright Profiles for Steel Storage Racks <\/em>\u2013 G. Taranu, I. Serban, N. Taranu<\/td><\/tr><tr><td>10:30 \u2013 10:45<\/td><td><em>A New Cube-based Topological Interlocking Element <\/em>\u2013 V. Ermolai, A. Sover, A.I. Iimia, N.R. Mititelu, M.I. Ripanu, G. Ciaun<\/td><\/tr><tr><td>10:45 \u2013 11:00<\/td><td><em>Mapping and predicting flood water levels caused by dam failures. A case study of St\u00e2nce\u0219ti dam \u2013 A. <\/em>Zaboril, R. Mitroi, M. Teli\u0219c\u0103, P. Cercel, T.A. Hr\u0103niciuc, R.C. Giurma-Handley<\/td><\/tr><tr><td>11:00 \u2013 11:20<\/td><td>Coffee break<\/td><\/tr><tr><td>11:20 \u2013 11:35<\/td><td><em>The impact of transverse confinement of RC columns on the seismic response of the reinforced concrete frame structure <\/em>\u2013 I. Sococol, P. Mihai, A. Shams<\/td><\/tr><tr><td>11:35 \u2013 11:50<\/td><td><em>Parametric study on pre-engineered steel industrial buildings <\/em>\u2013 V. Munteanu, G. Opri\u0219an, V. E. Ro\u015fca<\/td><\/tr><tr><td>11:50 \u2013 12:05<\/td><td><em>Structural Behavior of RC Frame Buildings Modified with Bentonite and TiO2 Nanomaterials \u2013 <\/em>G. Bunea, I.O. Toma, P. Mihai<\/td><\/tr><tr><td>12:05 \u2013 12:20<\/td><td><em>Advanced Deep Learning Applications for Point Cloud Data in Construction Processes<\/em> \u2013 D. Ungureanu, A. F. Mustia\u021b\u0103, C. Onu\u021bu, N. \u021a\u0103ranu, V. Cojocariu<\/td><\/tr><tr><td>12:20 \u2013 12:35<\/td><td><em>Soil stabilization in civil engineering: enhancing bearing<\/em> <em>capacity through improved surface soil layers \u2013 finite element analysis \u2013 <\/em>F. Bejan, Z. Owusu-Yeboah, I. Lungu<\/td><\/tr><tr><td>12:35 \u2013 12:50<\/td><td><em>Sustainability in the Construction sector from Romania <\/em>\u2013 I. Olteanu, C. G. Prav\u0103\u021b, A. Pistofidou, E. Nielson, S. Gheorghiu<\/td><\/tr><tr><td>12:50 \u2013 13:05<\/td><td><em>Structural particularities of RC frame structures with wide rectangular columns highlighted through nonlinear analysis &#8211; <\/em>Fabian-Leonard Tiba, Ioana Olteanu, Baetu Sergiu Andrei, Irina Lungu<\/td><\/tr><tr><td>13:05 \u2013 13:20<\/td><td>Conference closing<\/td><\/tr><\/tbody><\/table><\/figure>\n\n\n\n<p><\/p>\n\n\n\n<p class=\"has-text-align-center\"><strong>Online session 2<\/strong><br>Session chair: <strong>Sebastian-Valeriu Hudi\u0219teanu<\/strong><br><a href=\"https:\/\/teams.microsoft.com\/l\/meetup-join\/19%3ameeting_NmY2ZjM2MGYtYTFmNi00YmIzLTgwMzctYjAxMzhkYTA3OGVi%40thread.v2\/0?context=%7b%22Tid%22%3a%22607d63ca-9f36-4ad8-9f71-8b3efc392eb1%22%2c%22Oid%22%3a%2262514101-fbc7-4a72-89af-e031782fdd6e%22%7d\"><strong>Online Meeting Link<\/strong><\/a><\/p>\n\n\n\n<figure class=\"wp-block-table is-style-stripes\"><table class=\"has-fixed-layout\"><tbody><tr><td class=\"has-text-align-left\" data-align=\"left\">08:50 &#8211; 09:00<\/td><td>Conference opening\/ Conference papers\u2019 presentation<\/td><\/tr><tr><td class=\"has-text-align-left\" data-align=\"left\">09:00 \u2013 09:15<\/td><td><em>Assessing the key factors leading to fires in residential photovoltaic panels and the dangers faced by the first responders <\/em>&#8211; A Nenu, A Burlacu<\/td><\/tr><tr><td class=\"has-text-align-left\" data-align=\"left\">09:15 \u201309:30<\/td><td><em>The use of Artificial Intelligence in evaluation of heat extracted from a PVT panel <\/em>&#8211; M Alexa, N \u0162\u0103ranu, S V Hudi\u015fteanu, N C Chereche\u015f, I Hudi\u015fteanu, F E \u0162urcanu, R A Polcovnicu<\/td><\/tr><tr><td class=\"has-text-align-left\" data-align=\"left\">09:30 \u2013 09:45<\/td><td><em>Soil monitoring in real time to detect the existence of buried 3D highly conductive objects \u2013 <\/em>A. F. Mustia\u021b\u0103, I. Mititelu, A. Savin, D. Ungureanu, C. Onu\u021bu, N. \u021a\u0103ranu<\/td><\/tr><tr><td class=\"has-text-align-left\" data-align=\"left\">09:45 \u2013 10:00<\/td><td><em>Numerical simulation of gaseous fluid flow through air intake difusser using Ansys Fluent <\/em>\u2013 R. M. Panduru, I. Baran, E. F. \u021aurcanu, L. Dumitrescu, S. V. Hudi\u0219teanu, C.N. Chereche\u0219<\/td><\/tr><tr><td class=\"has-text-align-left\" data-align=\"left\">10:00 \u2013 10:30<\/td><td><em>Impact of Storage Space Temperature Variations on Battery Efficiency for Photovoltaic Energy Systems <\/em>\u2013 I. Enaru, V.S. Hudi\u0219teanu, A. Burlacu, N.C. Chereche\u0219, F.E. \u021aurcanu, I. Hudi\u0219teanu<\/td><\/tr><tr><td class=\"has-text-align-left\" data-align=\"left\">10:30 \u2013 10:45<\/td><td><em>Evaluating leakage using trend detection in monthly average data series with impact on water resources provision <\/em>\u2013 M. Munteanu, T. A. Hr\u0103niciuc, I. Giurma<\/td><\/tr><tr><td class=\"has-text-align-left\" data-align=\"left\">10:45 \u2013 11:00<\/td><td><em>Advanced Modelling of The Building\u2019s Energy Efficiency by Envelope\u2019s Air Layer Optimization \u2013 <\/em>D. Covatariu, L.Judele, A.Donisan, D.Lepadatu<\/td><\/tr><tr><td class=\"has-text-align-left\" data-align=\"left\">11:00 \u2013 11:20<\/td><td><em>Coffee break<\/em><\/td><\/tr><tr><td class=\"has-text-align-left\" data-align=\"left\">11:20 \u2013 11:35<\/td><td><em>Passive Fa\u00e7ade Modeling in a Numerical Simulation Program: Methodology and Applications <\/em>\u2013 E. Iavorschi, L.D. Milici<\/td><\/tr><tr><td class=\"has-text-align-left\" data-align=\"left\">11:35 \u2013 11:50<\/td><td><em>Maximum Efficiency and Minimum Ecological Impact Water Wheel <\/em>\u2013 C. Boariu, C. Roman, T.A. Hraniciuc, V. Balau<\/td><\/tr><tr><td class=\"has-text-align-left\" data-align=\"left\">11:50 \u2013 12:05<\/td><td><em>Designing buildings with potential for Artificial Intelligence integration: a conceptual study on adaptive fa\u00e7ades <\/em>\u2013 F. Pantilimonescu, G. Tudora, A.C. Tudora<\/td><\/tr><tr><td class=\"has-text-align-left\" data-align=\"left\">12:05 \u2013 12:20<\/td><td><em>Performance Analysis of the Ouster OS1-32 LiDAR sensor for Indoor Mapping <\/em>\u2013 G.C. Male\u0219, V.E. Oniga, I. L., A.M. Loghin, C.O. Miron, D. P\u0103dure<\/td><\/tr><tr><td class=\"has-text-align-left\" data-align=\"left\">12:20 \u2013 12:35<\/td><td><em>Hardware and software solutions for water loss detection and management <\/em>\u2013 G. Tatu, N. Marcoie, V. Boboc, D. Toma, F. St\u0103tescu<\/td><\/tr><tr><td class=\"has-text-align-left\" data-align=\"left\">12:35 \u2013 12:50<br><br><br><\/td><td><em>Discussion on polyethylene glycols mixtures and PEG + MWCNT nanocolloids behaviour in thermal applications &#8211; <\/em>A A Minea, E I Chereche\u015f, C A \u0162ugui, G Tofan<\/td><\/tr><tr><td class=\"has-text-align-left\" data-align=\"left\">12:50-13:05<\/td><td><em>A Study on the Classification of Interactive Artworks in a Museum Gallery using IFC Schema and IDS<\/em> &#8211; H-L-S Zhang, S. Constantinescu, D. Ciolacu-Miron, G. Covatariu<\/td><\/tr><tr><td class=\"has-text-align-left\" data-align=\"left\">13:05 \u2013 13:20<\/td><td><em>Student Anton \u0218esan&#8217;s notebooks. A preliminary investigation<\/em> &#8211; Fideliu P\u0103ule\u021b-Cr\u0103iniceanu, Vitalie Florea, Cristina-Liliana Vl\u0103doiu<\/td><\/tr><tr><td class=\"has-text-align-left\" data-align=\"left\">13:20 \u2013 13:35<\/td><td>Conference closing<\/td><\/tr><\/tbody><\/table><\/figure>\n","protected":false},"excerpt":{"rendered":"<p>The International Conference on Computational Civil Engineering 2025 Program spanning over 3 days offers an in-person, open Round table event&hellip; <\/p>\n","protected":false},"author":5,"featured_media":0,"parent":0,"menu_order":0,"comment_status":"closed","ping_status":"closed","template":"","meta":{"footnotes":""},"class_list":["post-354","page","type-page","status-publish","hentry"],"_links":{"self":[{"href":"https:\/\/www.cce.ci.tuiasi.ro\/index.php\/wp-json\/wp\/v2\/pages\/354"}],"collection":[{"href":"https:\/\/www.cce.ci.tuiasi.ro\/index.php\/wp-json\/wp\/v2\/pages"}],"about":[{"href":"https:\/\/www.cce.ci.tuiasi.ro\/index.php\/wp-json\/wp\/v2\/types\/page"}],"author":[{"embeddable":true,"href":"https:\/\/www.cce.ci.tuiasi.ro\/index.php\/wp-json\/wp\/v2\/users\/5"}],"replies":[{"embeddable":true,"href":"https:\/\/www.cce.ci.tuiasi.ro\/index.php\/wp-json\/wp\/v2\/comments?post=354"}],"version-history":[{"count":117,"href":"https:\/\/www.cce.ci.tuiasi.ro\/index.php\/wp-json\/wp\/v2\/pages\/354\/revisions"}],"predecessor-version":[{"id":3099,"href":"https:\/\/www.cce.ci.tuiasi.ro\/index.php\/wp-json\/wp\/v2\/pages\/354\/revisions\/3099"}],"wp:attachment":[{"href":"https:\/\/www.cce.ci.tuiasi.ro\/index.php\/wp-json\/wp\/v2\/media?parent=354"}],"curies":[{"name":"wp","href":"https:\/\/api.w.org\/{rel}","templated":true}]}}