

{"id":309,"date":"2022-10-24T08:35:57","date_gmt":"2022-10-24T05:35:57","guid":{"rendered":"http:\/\/www.cce.ci.tuiasi.ro\/?page_id=309"},"modified":"2022-10-24T08:35:57","modified_gmt":"2022-10-24T05:35:57","slug":"about-iasi","status":"publish","type":"page","link":"https:\/\/www.cce.ci.tuiasi.ro\/index.php\/about-iasi\/","title":{"rendered":"About Iasi"},"content":{"rendered":"\n<p>Ia\u0219i (also historically referred to as Jassy or Iassy) is one of the largest cities and a municipality in Romania. Located in the historical Moldavia region, Ia\u0219i has traditionally been one of the leading centres of Romanian social, cultural, academic and artistic life. The city was the capital of the Principality of Moldavia from 1564 to 1859, then of the United Principalities from 1859 to 1862, and the capital of Romania from 1916 to 1918. Major events in the political and cultural history of Moldavia are connected with the name of the city of Ia\u0219i. The great scholars of the 17th century Grigore Ureche, Miron Costin and later Ion Neculce, wrote most of their works in the city or not far from it and the famous scholar Dimitrie Cantemir known throughout all Europe also linked his name to the capital of Moldavia.<\/p>\n\n\n\n<figure class=\"wp-block-image size-full\"><img loading=\"lazy\" decoding=\"async\" width=\"900\" height=\"580\" src=\"http:\/\/www.cce.ci.tuiasi.ro\/wp-content\/uploads\/2022\/10\/Iasi_01.jpg\" alt=\"\" class=\"wp-image-312\" srcset=\"https:\/\/www.cce.ci.tuiasi.ro\/wp-content\/uploads\/2022\/10\/Iasi_01.jpg 900w, https:\/\/www.cce.ci.tuiasi.ro\/wp-content\/uploads\/2022\/10\/Iasi_01-300x193.jpg 300w, https:\/\/www.cce.ci.tuiasi.ro\/wp-content\/uploads\/2022\/10\/Iasi_01-768x495.jpg 768w\" sizes=\"(max-width: 900px) 100vw, 900px\" \/><\/figure>\n\n\n\n<p>The first institute of higher learning that functioned on the territory of Romania was Academia Vasilian\u0103 (1640) founded by Prince Vasile Lupu as a &#8220;higher school for Latin and Slavonic languages&#8221;, followed by the Princely Academy in 1707. The first high education structure in Romanian language was established in the autumn of 1813, when engineer Gheorghe Asachi laid the foundations of a class of engineers, its activities taking place within the Greek Princely Academy. After 1813, other moments marked the development of higher education in Romanian language, regarding both humanities and the technical science. In 1835, Academia Mih\u0103ilean\u0103 founded by Prince Mihail Sturdza is considered first Romanian superior institute in the country. In 1860, three faculties part of the Academia Mih\u0103ilean\u0103 formed the nucleus for the newly-established University of Ia\u0219i, the first Romanian university. The Physicians and Naturalists Society, founded in Ia\u0219i, has existed since the early part of the 19th century, and a number of periodicals are published. One of the oldest medical universities in Romania, founded in 1879, is in Ia\u0219i. It is now known as the Grigore T. Popa University of Medicine and Pharmacy. In 1937, the two applied science sections of the University of Ia\u0219i became departments of the newly created Gheorghe Asachi Polytechnic School. In the period before and after World War II, the later (renamed Polytechnic Institute in 1948) extended its domain of activity, especially in the field of engineering, and became adopted a Technical University in 1993. The Central University Library of Ia\u0219i, where the chief records of Romanian history are preserved, is the oldest and the second largest in Romania.<\/p>\n\n\n\n<figure class=\"wp-block-image size-full\"><img loading=\"lazy\" decoding=\"async\" width=\"900\" height=\"705\" src=\"http:\/\/www.cce.ci.tuiasi.ro\/wp-content\/uploads\/2022\/10\/Iasi_02.jpg\" alt=\"\" class=\"wp-image-315\" srcset=\"https:\/\/www.cce.ci.tuiasi.ro\/wp-content\/uploads\/2022\/10\/Iasi_02.jpg 900w, https:\/\/www.cce.ci.tuiasi.ro\/wp-content\/uploads\/2022\/10\/Iasi_02-300x235.jpg 300w, https:\/\/www.cce.ci.tuiasi.ro\/wp-content\/uploads\/2022\/10\/Iasi_02-768x602.jpg 768w\" sizes=\"(max-width: 900px) 100vw, 900px\" \/><\/figure>\n\n\n\n<p>The first newspaper in Romanian language was published in 1829 in Ia\u0219i and it is in Ia\u0219i where, in 1867, appeared under literary society Junimea, the Convorbiri literare review in which Ion Creang\u0103\u2019s Childhood Memories and the best poems by Mihai Eminescu were published. The reviews Contemporanul and Via\u021ba Rom\u00e2neasc\u0103 appeared in 1871, respectively in 1906 with great contributions to promoting Romanian national cultural values.<\/p>\n\n\n<div class=\"wp-block-image\">\n<figure class=\"aligncenter size-full\"><img loading=\"lazy\" decoding=\"async\" width=\"596\" height=\"900\" src=\"http:\/\/www.cce.ci.tuiasi.ro\/wp-content\/uploads\/2022\/10\/Iasi_03.jpg\" alt=\"\" class=\"wp-image-318\" srcset=\"https:\/\/www.cce.ci.tuiasi.ro\/wp-content\/uploads\/2022\/10\/Iasi_03.jpg 596w, https:\/\/www.cce.ci.tuiasi.ro\/wp-content\/uploads\/2022\/10\/Iasi_03-199x300.jpg 199w\" sizes=\"(max-width: 596px) 100vw, 596px\" \/><\/figure><\/div>\n\n\n<p>Many great personalities of Romanian culture are connected to Ia\u0219i: the chronicler Nicolae Milescu, the historians and politics men Mihail Kog\u0103lniceanu or Simion B\u0103rnu\u021biu, the poets Vasile Alecsandri or George Top\u00e2rceanu, the writers Mihail Sadoveanu, Alecu Russo, or Ionel Teodoreanu, the literary critic Titu Maiorescu, the historian A.D. Xenopol, the philosophers Vasile Conta or Petre Andrei, the sociologist Dimitrie Gusti, the geographer Emil Racovi\u021b\u0103, the painter Octav B\u0103ncil\u0103, only to name a few.<\/p>\n\n\n<div class=\"wp-block-image\">\n<figure class=\"aligncenter size-full\"><img loading=\"lazy\" decoding=\"async\" width=\"596\" height=\"900\" src=\"http:\/\/www.cce.ci.tuiasi.ro\/wp-content\/uploads\/2022\/10\/Iasi_04.jpg\" alt=\"\" class=\"wp-image-321\" srcset=\"https:\/\/www.cce.ci.tuiasi.ro\/wp-content\/uploads\/2022\/10\/Iasi_04.jpg 596w, https:\/\/www.cce.ci.tuiasi.ro\/wp-content\/uploads\/2022\/10\/Iasi_04-199x300.jpg 199w\" sizes=\"(max-width: 596px) 100vw, 596px\" \/><\/figure><\/div>\n\n\n<p>With historical monuments, 500-year-old churches and monasteries, contemporary architecture, many of them listed on the National Register of Historic Monuments, Ia\u0219i is an outstanding educational center. Pieces of architecture include the Trei Ierarhi Monastery, part of the tentative list of UNESCO World Heritage Site, or the neo-Gothic Palace of Culture, built on the old ruins of the mediaeval Princely Court of Moldavia. During World War II and the Communist regime many historical buildings in the old city center (around Union Square area) were destroyed or demolished, and replaced by International style buildings and also a new mainly Mid-Century modern style Civic Centre was built around the Old Market Square (The Central Hall). Other buildings include:<\/p>\n\n\n\n<ul class=\"wp-block-list\"><li>Alexandru Ioan Cuza University main building (1897), a mixture of the Neoclassical and Baroque styles, houses the famous Hall of the Lost Footsteps where one can admire the works of the painter Sabin B\u0103la\u0219a;<\/li><li>&#8220;Vasile Alecsandri&#8221; National Theatre, built between 1894 and 1896 in Neoclassic style with Baroque and Rococo inspired painted and sculpted ornaments;<\/li><li>Metropolitan Cathedral, the largest Orthodox church in Romania, a late Renaissance style, with Baroque elements and Gheorghe Tattarescu paintings;<\/li><li>Dosoftei House, a building from the second half of the 17th century in which in 1679, the metropolitan bishop Dosoftei settled the second typography in Moldavia. With three fa\u00e7ades, arched and right-angled windows, the edifice was restored between 1966 and 1969. It houses the department of old literature of the Romanian Literature Museum;<\/li><li>Golia Monastery, 1564, rebuilt in 1650 in late-Renaissance style with Byzantine frescoes and intricately carved doorways, is a monumental construction, a monastery in the middle of the city, surrounded by tall walls, with corner turrets, and a 30 m (98.43 ft) height bell tower;<\/li><li>Roznovanu Palace (The City Hall), second half of the 18th century, rebuilt between 1830 and 1833, during World War I, it hosted the Romanian government;<\/li><li>Union Museum, 1806, Empire style, the palace served as the royal residence of Prince Alexandru Ioan Cuza between 1859 and 1862 and in 1917\u20131918, during World War I, as the royal residence of king Ferdinand;<\/li><li>Great Synagogue, in late Baroque style, built in 1657\u20131671, is the oldest surviving synagogue in Romania and one of the oldest in Europe;<\/li><li>Pogor House, 1850, a meeting place for the city intellectuals, the headquarters of Literary Society Junimea (1863) and of the Convorbiri literare (Literary Interlocutions) magazine (1867), houses the Romanian Literature Museum;<\/li><li>Armenian Church, built in 1395, testifies the existence of an important Armenian community in these parts of Romania;<\/li><li>Luceaf\u0103rul Theatre, 1987, a unique modern building in Romania;<\/li><li>Old Catholic Cathedral, 1782, in Baroque style, and New Catholic Cathedral, 2005;<\/li><li>Central University Library, 1934, incorporates Greek Revival elements;<\/li><li>Great Railway Station, 1870, inspired by Venetian Doge&#8217;s Palace.<\/li><\/ul>\n\n\n\n<figure class=\"wp-block-image size-full\"><img loading=\"lazy\" decoding=\"async\" width=\"900\" height=\"596\" src=\"http:\/\/www.cce.ci.tuiasi.ro\/wp-content\/uploads\/2022\/10\/Iasi_06.jpg\" alt=\"\" class=\"wp-image-324\" srcset=\"https:\/\/www.cce.ci.tuiasi.ro\/wp-content\/uploads\/2022\/10\/Iasi_06.jpg 900w, https:\/\/www.cce.ci.tuiasi.ro\/wp-content\/uploads\/2022\/10\/Iasi_06-300x199.jpg 300w, https:\/\/www.cce.ci.tuiasi.ro\/wp-content\/uploads\/2022\/10\/Iasi_06-768x509.jpg 768w\" sizes=\"(max-width: 900px) 100vw, 900px\" \/><\/figure>\n\n\n\n<p>More details can be obtained from\u00a0<a href=\"http:\/\/en.wikipedia.org\/wiki\/Ia%C8%99i\">Wikipedia<\/a>\u00a0and\u00a0<a href=\"http:\/\/www.laiasi.ro\">La Ia\u015fi<\/a>.<\/p>\n\n\n\n<p>Photos:&nbsp;<a href=\"https:\/\/www.facebook.com\/paduraru.dan.7\">Dan P\u0103duraru<\/a>.<\/p>\n","protected":false},"excerpt":{"rendered":"<p>Ia\u0219i (also historically referred to as Jassy or Iassy) is one of the largest cities and a municipality in Romania.&hellip; <\/p>\n","protected":false},"author":5,"featured_media":0,"parent":0,"menu_order":0,"comment_status":"closed","ping_status":"closed","template":"","meta":{"footnotes":""},"class_list":["post-309","page","type-page","status-publish","hentry"],"_links":{"self":[{"href":"https:\/\/www.cce.ci.tuiasi.ro\/index.php\/wp-json\/wp\/v2\/pages\/309"}],"collection":[{"href":"https:\/\/www.cce.ci.tuiasi.ro\/index.php\/wp-json\/wp\/v2\/pages"}],"about":[{"href":"https:\/\/www.cce.ci.tuiasi.ro\/index.php\/wp-json\/wp\/v2\/types\/page"}],"author":[{"embeddable":true,"href":"https:\/\/www.cce.ci.tuiasi.ro\/index.php\/wp-json\/wp\/v2\/users\/5"}],"replies":[{"embeddable":true,"href":"https:\/\/www.cce.ci.tuiasi.ro\/index.php\/wp-json\/wp\/v2\/comments?post=309"}],"version-history":[{"count":1,"href":"https:\/\/www.cce.ci.tuiasi.ro\/index.php\/wp-json\/wp\/v2\/pages\/309\/revisions"}],"predecessor-version":[{"id":327,"href":"https:\/\/www.cce.ci.tuiasi.ro\/index.php\/wp-json\/wp\/v2\/pages\/309\/revisions\/327"}],"wp:attachment":[{"href":"https:\/\/www.cce.ci.tuiasi.ro\/index.php\/wp-json\/wp\/v2\/media?parent=309"}],"curies":[{"name":"wp","href":"https:\/\/api.w.org\/{rel}","templated":true}]}}